{"id":84145,"date":"2023-04-20T10:49:09","date_gmt":"2023-04-20T07:49:09","guid":{"rendered":"https:\/\/bedandbistro.fi\/privacy-policy\/"},"modified":"2024-05-22T10:44:53","modified_gmt":"2024-05-22T07:44:53","slug":"privacy-policy","status":"publish","type":"page","link":"https:\/\/bedandbistro.fi\/en\/privacy-policy\/","title":{"rendered":"Privacy policy"},"content":{"rendered":"<div class=\"wpb-content-wrapper\"><p>[vc_row][vc_column width=&#8221;1\/1&#8243;][vc_column_text uncode_shortcode_id=&#8221;133928&#8243;]<\/p>\n<p class=\"p1\">This is the register and data protection statement of Str\u00f6mfors Bed &amp; Bistro Oy according to the Personal Data Act (Sections 10 and 24) and the EU General Data Protection Regulation (GDPR). Prepared on 1st of January 2023.<\/p>\n<ol class=\"ol1\">\n<li class=\"li1\"><b>Registrar<\/b><br \/>\nStr\u00f6mfors Bed &amp; Bistro Oy<br \/>\nRuukintie 10A, 07970 Ruotsinpyht\u00e4\u00e4<\/li>\n<li class=\"li1\"><b>Contact person in all matters concerning the register<\/b><br \/>\nIn matters related to the register and the use of the rights of the registered person, the contact person is:<br \/>\nKatja Euro <a href=\"mailto:katja@bedandbistro.fi\"><span class=\"s1\">katja@bedandbistro.fi<\/span><\/a><\/li>\n<li class=\"li1\"><b>Register name<\/b><br \/>\nStr\u00f6mfors Bed &amp; Bistro Oy&#8217;s customer register<\/li>\n<li class=\"li1\"><b>Legal basis for processing personal data<\/b><br \/>\nThe processing of personal data in the customer register is based on the customer relationship of private customers and business customers with Str\u00f6mfors Bed &amp; Bistro, the consent given by the data subject, or the legitimate interest of the registrar. The registrar processes customer data based on an agreement between the registrar and the data subject. These criteria are used to process personal data that is taken from the customer when making a meeting, restaurant or room reservation, or for their invoicing. The collection of guest customer data is based on the Act on Accommodation and Catering Activities.<\/li>\n<li class=\"li1\"><b>Purpose of the register<\/b><br \/>\nCustomer relationship management<br \/>\nManaging accommodation reservations<br \/>\nPayment, payment control, and payment collection<br \/>\nCustomer service development<br \/>\nMaking table reservations related to dining and reserving meeting rooms<br \/>\nTaking into account the wishes of loyal customers<br \/>\nMarketing of services<\/li>\n<li class=\"li1\"><b>Data content of the register<\/b><br \/>\nCustomer information: name, contact information, and billing information<br \/>\nCustomer feedback information<br \/>\nReservation information about previously made reservations<br \/>\nInformation related to the customer&#8217;s wishes<br \/>\nThe customer&#8217;s consent to direct marketing carried out by e-mail, SMS, and other automatic systems<br \/>\nProhibition information on direct advertising, distance selling, and other direct marketing in accordance with legislation<\/li>\n<li class=\"li1\"><b>Regular sources of information<\/b><br \/>\nThe information stored in the register is obtained from messages sent by the customer using website contact forms, by e-mail, by phone, via social media services, contracts, customer meetings, and other situations where the customer discloses their information to the registrar.<\/li>\n<li class=\"li1\"><b>Regular transfers of data and transfer of data outside the EU or EEA<br \/>\n<\/b>Data is not transferred by the registrar outside the EU or EEA.<\/li>\n<li class=\"li1\"><b>Principles of the register protection<\/b><br \/>\nUtmost care is taken by the registrar when processing the register, and the information processed with the help of information systems is properly protected. When registry data is stored on Internet servers, the physical and digital data security of their hardware is taken care of accordingly. The registrar ensures that stored data as well as server access rights and other data critical to the security of personal data are handled confidentially and only by those employees whose job entails it.<\/li>\n<li class=\"li1\"><b>The right of inspection and the right to demand correction of information<\/b><br \/>\nEvery person whose data is in the register has the right to check their information stored in the register and demand the correction of any incorrect information or the completion of incomplete information. If a person wants to check the information stored about him or demand correction, the request must be sent in writing to the registrar. If necessary, the registrar may ask the requester to prove their identity. The registrar responds to the requester within the time stipulated in the EU data protection regulation (generally, within a month).<\/li>\n<li class=\"li1\"><b>Other rights related to the processing of personal data<\/b><br \/>\nA person whose data is in the register has the right to request the removal of personal data about them from the register (&#8220;right to be forgotten&#8221;). Those registered also have other rights according to the EU&#8217;s General Data Protection Regulation, such as limiting the processing of personal data in certain situations. Requests must be sent in writing to the registrar. If necessary, the registrar may ask the requester to prove their identity. The registrar responds to the requester within the time stipulated in the EU data protection regulation (generally, within a month).<\/li>\n<\/ol>\n<p>[\/vc_column_text][\/vc_column][\/vc_row]<\/p>\n<\/div>","protected":false},"excerpt":{"rendered":"<p>[vc_row][vc_column width=&#8221;1\/1&#8243;][vc_column_text uncode_shortcode_id=&#8221;133928&#8243;] This is the register and data protection statement of Str\u00f6mfors Bed &amp; Bistro Oy according to the [&hellip;]<\/p>\n","protected":false},"author":103157,"featured_media":0,"parent":0,"menu_order":0,"comment_status":"closed","ping_status":"closed","template":"","meta":{"footnotes":""},"class_list":["post-84145","page","type-page","status-publish","hentry"],"yoast_head":"<!-- This site is optimized with the Yoast SEO plugin v27.4 - https:\/\/yoast.com\/product\/yoast-seo-wordpress\/ -->\n<title>Privacy policy - Str\u00f6mfors Bed &amp; Bistro<\/title>\n<meta name=\"robots\" content=\"index, follow, max-snippet:-1, max-image-preview:large, max-video-preview:-1\" \/>\n<link rel=\"canonical\" href=\"https:\/\/bedandbistro.fi\/en\/privacy-policy\/\" \/>\n<meta property=\"og:locale\" content=\"en_US\" \/>\n<meta property=\"og:type\" content=\"article\" \/>\n<meta property=\"og:title\" content=\"Privacy policy - Str\u00f6mfors Bed &amp; Bistro\" \/>\n<meta property=\"og:description\" content=\"[vc_row][vc_column width=&#8221;1\/1&#8243;][vc_column_text uncode_shortcode_id=&#8221;133928&#8243;] This is the register and data protection statement of Str\u00f6mfors Bed &amp; Bistro Oy according to the [&hellip;]\" \/>\n<meta property=\"og:url\" content=\"https:\/\/bedandbistro.fi\/en\/privacy-policy\/\" \/>\n<meta property=\"og:site_name\" content=\"Str\u00f6mfors Bed &amp; Bistro\" \/>\n<meta property=\"article:publisher\" content=\"https:\/\/www.facebook.com\/StromforsBedBistro\/\" \/>\n<meta property=\"article:modified_time\" content=\"2024-05-22T07:44:53+00:00\" \/>\n<meta property=\"og:image\" content=\"https:\/\/bedandbistro.fi\/wp-content\/uploads\/2016\/02\/bb-OG.jpg\" \/>\n\t<meta property=\"og:image:width\" content=\"1200\" \/>\n\t<meta property=\"og:image:height\" content=\"900\" \/>\n\t<meta property=\"og:image:type\" content=\"image\/jpeg\" \/>\n<meta name=\"twitter:card\" content=\"summary_large_image\" \/>\n<meta name=\"twitter:label1\" content=\"Est. reading time\" \/>\n\t<meta name=\"twitter:data1\" content=\"5 minutes\" \/>\n<script type=\"application\/ld+json\" class=\"yoast-schema-graph\">{\"@context\":\"https:\\\/\\\/schema.org\",\"@graph\":[{\"@type\":\"WebPage\",\"@id\":\"https:\\\/\\\/bedandbistro.fi\\\/en\\\/privacy-policy\\\/\",\"url\":\"https:\\\/\\\/bedandbistro.fi\\\/en\\\/privacy-policy\\\/\",\"name\":\"Privacy policy - Str\u00f6mfors Bed &amp; Bistro\",\"isPartOf\":{\"@id\":\"https:\\\/\\\/bedandbistro.fi\\\/en\\\/#website\"},\"datePublished\":\"2023-04-20T07:49:09+00:00\",\"dateModified\":\"2024-05-22T07:44:53+00:00\",\"breadcrumb\":{\"@id\":\"https:\\\/\\\/bedandbistro.fi\\\/en\\\/privacy-policy\\\/#breadcrumb\"},\"inLanguage\":\"en-US\",\"potentialAction\":[{\"@type\":\"ReadAction\",\"target\":[\"https:\\\/\\\/bedandbistro.fi\\\/en\\\/privacy-policy\\\/\"]}]},{\"@type\":\"BreadcrumbList\",\"@id\":\"https:\\\/\\\/bedandbistro.fi\\\/en\\\/privacy-policy\\\/#breadcrumb\",\"itemListElement\":[{\"@type\":\"ListItem\",\"position\":1,\"name\":\"Home\",\"item\":\"https:\\\/\\\/bedandbistro.fi\\\/en\\\/etusivu\\\/\"},{\"@type\":\"ListItem\",\"position\":2,\"name\":\"Privacy policy\"}]},{\"@type\":\"WebSite\",\"@id\":\"https:\\\/\\\/bedandbistro.fi\\\/en\\\/#website\",\"url\":\"https:\\\/\\\/bedandbistro.fi\\\/en\\\/\",\"name\":\"Str\u00f6mfors Bed &amp; Bistro\",\"description\":\"Bed &amp; Bistro palvelee hotellina ymp\u00e4ri vuoden ja ravintola avoinna kes\u00e4sesongin joka p\u00e4iv\u00e4\",\"potentialAction\":[{\"@type\":\"SearchAction\",\"target\":{\"@type\":\"EntryPoint\",\"urlTemplate\":\"https:\\\/\\\/bedandbistro.fi\\\/en\\\/?s={search_term_string}\"},\"query-input\":{\"@type\":\"PropertyValueSpecification\",\"valueRequired\":true,\"valueName\":\"search_term_string\"}}],\"inLanguage\":\"en-US\"}]}<\/script>\n<!-- \/ Yoast SEO plugin. -->","yoast_head_json":{"title":"Privacy policy - Str\u00f6mfors Bed &amp; Bistro","robots":{"index":"index","follow":"follow","max-snippet":"max-snippet:-1","max-image-preview":"max-image-preview:large","max-video-preview":"max-video-preview:-1"},"canonical":"https:\/\/bedandbistro.fi\/en\/privacy-policy\/","og_locale":"en_US","og_type":"article","og_title":"Privacy policy - Str\u00f6mfors Bed &amp; Bistro","og_description":"[vc_row][vc_column width=&#8221;1\/1&#8243;][vc_column_text uncode_shortcode_id=&#8221;133928&#8243;] This is the register and data protection statement of Str\u00f6mfors Bed &amp; Bistro Oy according to the [&hellip;]","og_url":"https:\/\/bedandbistro.fi\/en\/privacy-policy\/","og_site_name":"Str\u00f6mfors Bed &amp; Bistro","article_publisher":"https:\/\/www.facebook.com\/StromforsBedBistro\/","article_modified_time":"2024-05-22T07:44:53+00:00","og_image":[{"width":1200,"height":900,"url":"https:\/\/bedandbistro.fi\/wp-content\/uploads\/2016\/02\/bb-OG.jpg","type":"image\/jpeg"}],"twitter_card":"summary_large_image","twitter_misc":{"Est. reading time":"5 minutes"},"schema":{"@context":"https:\/\/schema.org","@graph":[{"@type":"WebPage","@id":"https:\/\/bedandbistro.fi\/en\/privacy-policy\/","url":"https:\/\/bedandbistro.fi\/en\/privacy-policy\/","name":"Privacy policy - Str\u00f6mfors Bed &amp; Bistro","isPartOf":{"@id":"https:\/\/bedandbistro.fi\/en\/#website"},"datePublished":"2023-04-20T07:49:09+00:00","dateModified":"2024-05-22T07:44:53+00:00","breadcrumb":{"@id":"https:\/\/bedandbistro.fi\/en\/privacy-policy\/#breadcrumb"},"inLanguage":"en-US","potentialAction":[{"@type":"ReadAction","target":["https:\/\/bedandbistro.fi\/en\/privacy-policy\/"]}]},{"@type":"BreadcrumbList","@id":"https:\/\/bedandbistro.fi\/en\/privacy-policy\/#breadcrumb","itemListElement":[{"@type":"ListItem","position":1,"name":"Home","item":"https:\/\/bedandbistro.fi\/en\/etusivu\/"},{"@type":"ListItem","position":2,"name":"Privacy policy"}]},{"@type":"WebSite","@id":"https:\/\/bedandbistro.fi\/en\/#website","url":"https:\/\/bedandbistro.fi\/en\/","name":"Str\u00f6mfors Bed &amp; Bistro","description":"Bed &amp; Bistro palvelee hotellina ymp\u00e4ri vuoden ja ravintola avoinna kes\u00e4sesongin joka p\u00e4iv\u00e4","potentialAction":[{"@type":"SearchAction","target":{"@type":"EntryPoint","urlTemplate":"https:\/\/bedandbistro.fi\/en\/?s={search_term_string}"},"query-input":{"@type":"PropertyValueSpecification","valueRequired":true,"valueName":"search_term_string"}}],"inLanguage":"en-US"}]}},"_links":{"self":[{"href":"https:\/\/bedandbistro.fi\/en\/wp-json\/wp\/v2\/pages\/84145","targetHints":{"allow":["GET"]}}],"collection":[{"href":"https:\/\/bedandbistro.fi\/en\/wp-json\/wp\/v2\/pages"}],"about":[{"href":"https:\/\/bedandbistro.fi\/en\/wp-json\/wp\/v2\/types\/page"}],"author":[{"embeddable":true,"href":"https:\/\/bedandbistro.fi\/en\/wp-json\/wp\/v2\/users\/103157"}],"replies":[{"embeddable":true,"href":"https:\/\/bedandbistro.fi\/en\/wp-json\/wp\/v2\/comments?post=84145"}],"version-history":[{"count":8,"href":"https:\/\/bedandbistro.fi\/en\/wp-json\/wp\/v2\/pages\/84145\/revisions"}],"predecessor-version":[{"id":84153,"href":"https:\/\/bedandbistro.fi\/en\/wp-json\/wp\/v2\/pages\/84145\/revisions\/84153"}],"wp:attachment":[{"href":"https:\/\/bedandbistro.fi\/en\/wp-json\/wp\/v2\/media?parent=84145"}],"curies":[{"name":"wp","href":"https:\/\/api.w.org\/{rel}","templated":true}]}}