{"id":84135,"date":"2016-02-22T09:49:27","date_gmt":"2016-02-22T07:49:27","guid":{"rendered":"https:\/\/bedandbistro.fi\/contact-information\/"},"modified":"2024-05-03T16:24:44","modified_gmt":"2024-05-03T13:24:44","slug":"contact-information","status":"publish","type":"page","link":"https:\/\/bedandbistro.fi\/en\/contact-information\/","title":{"rendered":"Contact Information"},"content":{"rendered":"<div class=\"wpb-content-wrapper\"><p>[vc_row unlock_row_content=&#8221;yes&#8221; row_height_percent=&#8221;0&#8243; override_padding=&#8221;yes&#8221; h_padding=&#8221;0&#8243; top_padding=&#8221;0&#8243; bottom_padding=&#8221;0&#8243; overlay_alpha=&#8221;100&#8243; equal_height=&#8221;yes&#8221; gutter_size=&#8221;0&#8243; shift_y=&#8221;0&#8243;][vc_column column_width_percent=&#8221;100&#8243; position_horizontal=&#8221;left&#8221; gutter_size=&#8221;3&#8243; override_padding=&#8221;yes&#8221; column_padding=&#8221;5&#8243; overlay_alpha=&#8221;100&#8243; shift_x=&#8221;0&#8243; shift_y=&#8221;0&#8243; z_index=&#8221;0&#8243; medium_width=&#8221;0&#8243; zoom_width=&#8221;0&#8243; zoom_height=&#8221;0&#8243; width=&#8221;1\/3&#8243;][vc_custom_heading heading_semantic=&#8221;h3&#8243; text_size=&#8221;h3&#8243; sub_reduced=&#8221;yes&#8221; text_uppercase=&#8221;&#8221;]Contact us[\/vc_custom_heading][vc_column_text]Since we are a small team, we may answer the phone from a local producer&#8217;s sheepfold, on the road, or in the middle of a small renovation. For this reason, we primarily ask for reservations via the reservation calendar or email.[\/vc_column_text][uncode_socials][\/vc_column][vc_column column_width_percent=&#8221;100&#8243; gutter_size=&#8221;3&#8243; override_padding=&#8221;yes&#8221; column_padding=&#8221;5&#8243; back_color=&#8221;color-gyho&#8221; overlay_alpha=&#8221;50&#8243; shift_x=&#8221;0&#8243; shift_y=&#8221;0&#8243; medium_width=&#8221;0&#8243; zoom_width=&#8221;0&#8243; zoom_height=&#8221;0&#8243; width=&#8221;2\/3&#8243;]\n<div class=\"wpcf7 no-js\" id=\"wpcf7-f84143-o1\" lang=\"en-US\" dir=\"ltr\" data-wpcf7-id=\"84143\">\n<div class=\"screen-reader-response\"><p role=\"status\" aria-live=\"polite\" aria-atomic=\"true\"><\/p> <ul><\/ul><\/div>\n<form action=\"\/en\/wp-json\/wp\/v2\/pages\/84135#wpcf7-f84143-o1\" method=\"post\" class=\"wpcf7-form init\" aria-label=\"Contact form\" novalidate=\"novalidate\" data-status=\"init\">\n<fieldset class=\"hidden-fields-container\"><input type=\"hidden\" name=\"_wpcf7\" value=\"84143\" \/><input type=\"hidden\" name=\"_wpcf7_version\" value=\"6.1.5\" \/><input type=\"hidden\" name=\"_wpcf7_locale\" value=\"en_US\" \/><input type=\"hidden\" name=\"_wpcf7_unit_tag\" value=\"wpcf7-f84143-o1\" \/><input type=\"hidden\" name=\"_wpcf7_container_post\" value=\"0\" \/><input type=\"hidden\" name=\"_wpcf7_posted_data_hash\" value=\"\" \/>\n<\/fieldset>\n<p>Name\n<\/p>\n<p><span class=\"wpcf7-form-control-wrap\" data-name=\"your-firstname\"><input size=\"40\" maxlength=\"400\" class=\"wpcf7-form-control wpcf7-text wpcf7-validates-as-required form-fluid\" aria-required=\"true\" aria-invalid=\"false\" value=\"\" type=\"text\" name=\"your-firstname\" \/><\/span>\n<\/p>\n<p>Email\n<\/p>\n<p><span class=\"wpcf7-form-control-wrap\" data-name=\"your-email\"><input size=\"40\" maxlength=\"400\" class=\"wpcf7-form-control wpcf7-email wpcf7-validates-as-required wpcf7-text wpcf7-validates-as-email form-fluid\" aria-required=\"true\" aria-invalid=\"false\" value=\"\" type=\"email\" name=\"your-email\" \/><\/span>\n<\/p>\n<p>Message\n<\/p>\n<p><span class=\"wpcf7-form-control-wrap\" data-name=\"your-message\"><textarea cols=\"40\" rows=\"8\" maxlength=\"2000\" class=\"wpcf7-form-control wpcf7-textarea\" aria-invalid=\"false\" name=\"your-message\"><\/textarea><\/span>\n<\/p>\n<p><input class=\"wpcf7-form-control wpcf7-submit has-spinner btn btn-accent\" type=\"submit\" value=\"Send\" \/>\n<\/p><div class=\"wpcf7-response-output\" aria-hidden=\"true\"><\/div>\n<\/form>\n<\/div>\n[\/vc_column][\/vc_row][vc_row row_height_percent=&#8221;0&#8243; override_padding=&#8221;yes&#8221; h_padding=&#8221;2&#8243; top_padding=&#8221;5&#8243; bottom_padding=&#8221;5&#8243; overlay_alpha=&#8221;50&#8243; gutter_size=&#8221;3&#8243; column_width_percent=&#8221;100&#8243; shift_y=&#8221;0&#8243; z_index=&#8221;0&#8243;][vc_column column_width_percent=&#8221;100&#8243; align_horizontal=&#8221;align_center&#8221; gutter_size=&#8221;3&#8243; overlay_alpha=&#8221;50&#8243; shift_x=&#8221;0&#8243; shift_y=&#8221;0&#8243; shift_y_down=&#8221;0&#8243; z_index=&#8221;0&#8243; medium_width=&#8221;0&#8243; mobile_width=&#8221;0&#8243; width=&#8221;1\/1&#8243;][vc_row_inner limit_content=&#8221;&#8221;][vc_column_inner column_width_use_pixel=&#8221;yes&#8221; align_horizontal=&#8221;align_center&#8221; gutter_size=&#8221;3&#8243; overlay_alpha=&#8221;50&#8243; shift_x=&#8221;0&#8243; shift_y=&#8221;0&#8243; shift_y_down=&#8221;0&#8243; z_index=&#8221;0&#8243; medium_width=&#8221;0&#8243; mobile_width=&#8221;0&#8243; width=&#8221;1\/1&#8243; column_width_pixel=&#8221;600&#8243;][vc_custom_heading heading_semantic=&#8221;h3&#8243; text_transform=&#8221;uppercase&#8221; sub_lead=&#8221;yes&#8221; sub_reduced=&#8221;yes&#8221; subheading=&#8221;Bed &amp; Bistro is located in Loviisa, in the middle of the idyllic ironworks village of Str\u00f6mfors.&#8221;]Location[\/vc_custom_heading][\/vc_column_inner][\/vc_row_inner][vc_row_inner limit_content=&#8221;&#8221;][vc_column_inner column_width_percent=&#8221;100&#8243; align_horizontal=&#8221;align_center&#8221; gutter_size=&#8221;3&#8243; overlay_alpha=&#8221;50&#8243; shift_x=&#8221;0&#8243; shift_y=&#8221;0&#8243; shift_y_down=&#8221;0&#8243; z_index=&#8221;0&#8243; medium_width=&#8221;0&#8243; mobile_width=&#8221;0&#8243; width=&#8221;1\/3&#8243;][vc_icon icon=&#8221;fa fa-mobile2&#8243; size=&#8221;fa-3x&#8221; text_size=&#8221;h6&#8243; linked_title=&#8221;yes&#8221; title=&#8221;Tel. +358 10 504 7100&#8243; link=&#8221;url:tel%3A%2B358105047100|&#8221; uncode_shortcode_id=&#8221;580906&#8243;][\/vc_icon][\/vc_column_inner][vc_column_inner column_width_percent=&#8221;100&#8243; align_horizontal=&#8221;align_center&#8221; gutter_size=&#8221;3&#8243; overlay_alpha=&#8221;50&#8243; shift_x=&#8221;0&#8243; shift_y=&#8221;0&#8243; shift_y_down=&#8221;0&#8243; z_index=&#8221;0&#8243; medium_width=&#8221;0&#8243; mobile_width=&#8221;0&#8243; width=&#8221;1\/3&#8243;][vc_icon icon=&#8221;fa fa-envelope2&#8243; size=&#8221;fa-3x&#8221; text_size=&#8221;h6&#8243; linked_title=&#8221;yes&#8221; title=&#8221;info@bedandbistro.fi&#8221; link=&#8221;url:mailto%3Ainfo%40bedandbistro.fi|&#8221;][\/vc_icon][\/vc_column_inner][vc_column_inner column_width_percent=&#8221;100&#8243; align_horizontal=&#8221;align_center&#8221; gutter_size=&#8221;3&#8243; overlay_alpha=&#8221;50&#8243; shift_x=&#8221;0&#8243; shift_y=&#8221;0&#8243; shift_y_down=&#8221;0&#8243; z_index=&#8221;0&#8243; medium_width=&#8221;0&#8243; mobile_width=&#8221;0&#8243; width=&#8221;1\/3&#8243;][vc_icon icon=&#8221;fa fa-map-pin&#8221; size=&#8221;fa-3x&#8221; text_size=&#8221;h6&#8243; title=&#8221;Ruukintie 10, 07970 Str\u00f6mfors, Finland&#8221;][\/vc_icon][\/vc_column_inner][\/vc_row_inner][vc_empty_space empty_h=&#8221;0&#8243;][vc_gmaps latlon=&#8221;60.524185, 26.471580&#8243; size=&#8221;500&#8243; map_color=&#8221;color-wayh&#8221; ui_color=&#8221;accent&#8221; zoom=&#8221;13&#8243; map_saturation=&#8221;-100&#8243; map_brightness=&#8221;5&#8243;][\/vc_column][\/vc_row]<\/p>\n<\/div>","protected":false},"excerpt":{"rendered":"<p>[vc_row unlock_row_content=&#8221;yes&#8221; row_height_percent=&#8221;0&#8243; override_padding=&#8221;yes&#8221; h_padding=&#8221;0&#8243; top_padding=&#8221;0&#8243; bottom_padding=&#8221;0&#8243; overlay_alpha=&#8221;100&#8243; equal_height=&#8221;yes&#8221; gutter_size=&#8221;0&#8243; shift_y=&#8221;0&#8243;][vc_column column_width_percent=&#8221;100&#8243; position_horizontal=&#8221;left&#8221; gutter_size=&#8221;3&#8243; override_padding=&#8221;yes&#8221; column_padding=&#8221;5&#8243; overlay_alpha=&#8221;100&#8243; shift_x=&#8221;0&#8243; shift_y=&#8221;0&#8243; z_index=&#8221;0&#8243; [&hellip;]<\/p>\n","protected":false},"author":101019,"featured_media":83999,"parent":0,"menu_order":0,"comment_status":"closed","ping_status":"closed","template":"","meta":{"footnotes":""},"class_list":["post-84135","page","type-page","status-publish","has-post-thumbnail","hentry"],"yoast_head":"<!-- This site is optimized with the Yoast SEO plugin v27.4 - https:\/\/yoast.com\/product\/yoast-seo-wordpress\/ -->\n<title>Contact Information - Str\u00f6mfors Bed &amp; Bistro<\/title>\n<meta name=\"description\" content=\"Here you can easily find all our contact details. Don&#039;t hesitate to contact us, we are happy to answer your questions!\" \/>\n<meta name=\"robots\" content=\"index, follow, max-snippet:-1, max-image-preview:large, max-video-preview:-1\" \/>\n<link rel=\"canonical\" href=\"https:\/\/bedandbistro.fi\/en\/contact-information\/\" \/>\n<meta property=\"og:locale\" content=\"en_US\" \/>\n<meta property=\"og:type\" content=\"article\" \/>\n<meta property=\"og:title\" content=\"Contact Information - Str\u00f6mfors Bed &amp; Bistro\" \/>\n<meta property=\"og:description\" content=\"Here you can easily find all our contact details. Don&#039;t hesitate to contact us, we are happy to answer your questions!\" \/>\n<meta property=\"og:url\" content=\"https:\/\/bedandbistro.fi\/en\/contact-information\/\" \/>\n<meta property=\"og:site_name\" content=\"Str\u00f6mfors Bed &amp; Bistro\" \/>\n<meta property=\"article:publisher\" content=\"https:\/\/www.facebook.com\/StromforsBedBistro\/\" \/>\n<meta property=\"article:modified_time\" content=\"2024-05-03T13:24:44+00:00\" \/>\n<meta property=\"og:image\" content=\"https:\/\/bedandbistro.fi\/wp-content\/uploads\/2020\/11\/Krouvinmaki-ulkokuva-scaled.jpg\" \/>\n\t<meta property=\"og:image:width\" content=\"2560\" \/>\n\t<meta property=\"og:image:height\" content=\"1605\" \/>\n\t<meta property=\"og:image:type\" content=\"image\/jpeg\" \/>\n<meta name=\"twitter:card\" content=\"summary_large_image\" \/>\n<meta name=\"twitter:label1\" content=\"Est. reading time\" \/>\n\t<meta name=\"twitter:data1\" content=\"2 minutes\" \/>\n<script type=\"application\/ld+json\" class=\"yoast-schema-graph\">{\"@context\":\"https:\\\/\\\/schema.org\",\"@graph\":[{\"@type\":\"WebPage\",\"@id\":\"https:\\\/\\\/bedandbistro.fi\\\/en\\\/contact-information\\\/\",\"url\":\"https:\\\/\\\/bedandbistro.fi\\\/en\\\/contact-information\\\/\",\"name\":\"Contact Information - Str\u00f6mfors Bed &amp; Bistro\",\"isPartOf\":{\"@id\":\"https:\\\/\\\/bedandbistro.fi\\\/en\\\/#website\"},\"primaryImageOfPage\":{\"@id\":\"https:\\\/\\\/bedandbistro.fi\\\/en\\\/contact-information\\\/#primaryimage\"},\"image\":{\"@id\":\"https:\\\/\\\/bedandbistro.fi\\\/en\\\/contact-information\\\/#primaryimage\"},\"thumbnailUrl\":\"https:\\\/\\\/bedandbistro.fi\\\/wp-content\\\/uploads\\\/2020\\\/11\\\/Krouvinmaki-ulkokuva-scaled.jpg\",\"datePublished\":\"2016-02-22T07:49:27+00:00\",\"dateModified\":\"2024-05-03T13:24:44+00:00\",\"description\":\"Here you can easily find all our contact details. Don't hesitate to contact us, we are happy to answer your questions!\",\"breadcrumb\":{\"@id\":\"https:\\\/\\\/bedandbistro.fi\\\/en\\\/contact-information\\\/#breadcrumb\"},\"inLanguage\":\"en-US\",\"potentialAction\":[{\"@type\":\"ReadAction\",\"target\":[\"https:\\\/\\\/bedandbistro.fi\\\/en\\\/contact-information\\\/\"]}]},{\"@type\":\"ImageObject\",\"inLanguage\":\"en-US\",\"@id\":\"https:\\\/\\\/bedandbistro.fi\\\/en\\\/contact-information\\\/#primaryimage\",\"url\":\"https:\\\/\\\/bedandbistro.fi\\\/wp-content\\\/uploads\\\/2020\\\/11\\\/Krouvinmaki-ulkokuva-scaled.jpg\",\"contentUrl\":\"https:\\\/\\\/bedandbistro.fi\\\/wp-content\\\/uploads\\\/2020\\\/11\\\/Krouvinmaki-ulkokuva-scaled.jpg\",\"width\":2560,\"height\":1605},{\"@type\":\"BreadcrumbList\",\"@id\":\"https:\\\/\\\/bedandbistro.fi\\\/en\\\/contact-information\\\/#breadcrumb\",\"itemListElement\":[{\"@type\":\"ListItem\",\"position\":1,\"name\":\"Home\",\"item\":\"https:\\\/\\\/bedandbistro.fi\\\/en\\\/etusivu\\\/\"},{\"@type\":\"ListItem\",\"position\":2,\"name\":\"Contact Information\"}]},{\"@type\":\"WebSite\",\"@id\":\"https:\\\/\\\/bedandbistro.fi\\\/en\\\/#website\",\"url\":\"https:\\\/\\\/bedandbistro.fi\\\/en\\\/\",\"name\":\"Str\u00f6mfors Bed &amp; Bistro\",\"description\":\"Bed &amp; Bistro palvelee hotellina ymp\u00e4ri vuoden ja ravintola avoinna kes\u00e4sesongin joka p\u00e4iv\u00e4\",\"potentialAction\":[{\"@type\":\"SearchAction\",\"target\":{\"@type\":\"EntryPoint\",\"urlTemplate\":\"https:\\\/\\\/bedandbistro.fi\\\/en\\\/?s={search_term_string}\"},\"query-input\":{\"@type\":\"PropertyValueSpecification\",\"valueRequired\":true,\"valueName\":\"search_term_string\"}}],\"inLanguage\":\"en-US\"}]}<\/script>\n<!-- \/ Yoast SEO plugin. -->","yoast_head_json":{"title":"Contact Information - Str\u00f6mfors Bed &amp; Bistro","description":"Here you can easily find all our contact details. Don't hesitate to contact us, we are happy to answer your questions!","robots":{"index":"index","follow":"follow","max-snippet":"max-snippet:-1","max-image-preview":"max-image-preview:large","max-video-preview":"max-video-preview:-1"},"canonical":"https:\/\/bedandbistro.fi\/en\/contact-information\/","og_locale":"en_US","og_type":"article","og_title":"Contact Information - Str\u00f6mfors Bed &amp; Bistro","og_description":"Here you can easily find all our contact details. Don't hesitate to contact us, we are happy to answer your questions!","og_url":"https:\/\/bedandbistro.fi\/en\/contact-information\/","og_site_name":"Str\u00f6mfors Bed &amp; Bistro","article_publisher":"https:\/\/www.facebook.com\/StromforsBedBistro\/","article_modified_time":"2024-05-03T13:24:44+00:00","og_image":[{"width":2560,"height":1605,"url":"https:\/\/bedandbistro.fi\/wp-content\/uploads\/2020\/11\/Krouvinmaki-ulkokuva-scaled.jpg","type":"image\/jpeg"}],"twitter_card":"summary_large_image","twitter_misc":{"Est. reading time":"2 minutes"},"schema":{"@context":"https:\/\/schema.org","@graph":[{"@type":"WebPage","@id":"https:\/\/bedandbistro.fi\/en\/contact-information\/","url":"https:\/\/bedandbistro.fi\/en\/contact-information\/","name":"Contact Information - Str\u00f6mfors Bed &amp; Bistro","isPartOf":{"@id":"https:\/\/bedandbistro.fi\/en\/#website"},"primaryImageOfPage":{"@id":"https:\/\/bedandbistro.fi\/en\/contact-information\/#primaryimage"},"image":{"@id":"https:\/\/bedandbistro.fi\/en\/contact-information\/#primaryimage"},"thumbnailUrl":"https:\/\/bedandbistro.fi\/wp-content\/uploads\/2020\/11\/Krouvinmaki-ulkokuva-scaled.jpg","datePublished":"2016-02-22T07:49:27+00:00","dateModified":"2024-05-03T13:24:44+00:00","description":"Here you can easily find all our contact details. Don't hesitate to contact us, we are happy to answer your questions!","breadcrumb":{"@id":"https:\/\/bedandbistro.fi\/en\/contact-information\/#breadcrumb"},"inLanguage":"en-US","potentialAction":[{"@type":"ReadAction","target":["https:\/\/bedandbistro.fi\/en\/contact-information\/"]}]},{"@type":"ImageObject","inLanguage":"en-US","@id":"https:\/\/bedandbistro.fi\/en\/contact-information\/#primaryimage","url":"https:\/\/bedandbistro.fi\/wp-content\/uploads\/2020\/11\/Krouvinmaki-ulkokuva-scaled.jpg","contentUrl":"https:\/\/bedandbistro.fi\/wp-content\/uploads\/2020\/11\/Krouvinmaki-ulkokuva-scaled.jpg","width":2560,"height":1605},{"@type":"BreadcrumbList","@id":"https:\/\/bedandbistro.fi\/en\/contact-information\/#breadcrumb","itemListElement":[{"@type":"ListItem","position":1,"name":"Home","item":"https:\/\/bedandbistro.fi\/en\/etusivu\/"},{"@type":"ListItem","position":2,"name":"Contact Information"}]},{"@type":"WebSite","@id":"https:\/\/bedandbistro.fi\/en\/#website","url":"https:\/\/bedandbistro.fi\/en\/","name":"Str\u00f6mfors Bed &amp; Bistro","description":"Bed &amp; Bistro palvelee hotellina ymp\u00e4ri vuoden ja ravintola avoinna kes\u00e4sesongin joka p\u00e4iv\u00e4","potentialAction":[{"@type":"SearchAction","target":{"@type":"EntryPoint","urlTemplate":"https:\/\/bedandbistro.fi\/en\/?s={search_term_string}"},"query-input":{"@type":"PropertyValueSpecification","valueRequired":true,"valueName":"search_term_string"}}],"inLanguage":"en-US"}]}},"_links":{"self":[{"href":"https:\/\/bedandbistro.fi\/en\/wp-json\/wp\/v2\/pages\/84135","targetHints":{"allow":["GET"]}}],"collection":[{"href":"https:\/\/bedandbistro.fi\/en\/wp-json\/wp\/v2\/pages"}],"about":[{"href":"https:\/\/bedandbistro.fi\/en\/wp-json\/wp\/v2\/types\/page"}],"author":[{"embeddable":true,"href":"https:\/\/bedandbistro.fi\/en\/wp-json\/wp\/v2\/users\/101019"}],"replies":[{"embeddable":true,"href":"https:\/\/bedandbistro.fi\/en\/wp-json\/wp\/v2\/comments?post=84135"}],"version-history":[{"count":2,"href":"https:\/\/bedandbistro.fi\/en\/wp-json\/wp\/v2\/pages\/84135\/revisions"}],"predecessor-version":[{"id":84144,"href":"https:\/\/bedandbistro.fi\/en\/wp-json\/wp\/v2\/pages\/84135\/revisions\/84144"}],"wp:featuredmedia":[{"embeddable":true,"href":"https:\/\/bedandbistro.fi\/en\/wp-json\/wp\/v2\/media\/83999"}],"wp:attachment":[{"href":"https:\/\/bedandbistro.fi\/en\/wp-json\/wp\/v2\/media?parent=84135"}],"curies":[{"name":"wp","href":"https:\/\/api.w.org\/{rel}","templated":true}]}}