{"id":84131,"date":"2017-04-12T11:58:00","date_gmt":"2017-04-12T08:58:00","guid":{"rendered":"https:\/\/bedandbistro.fi\/restaurant\/"},"modified":"2024-05-14T15:49:12","modified_gmt":"2024-05-14T12:49:12","slug":"restaurant","status":"publish","type":"page","link":"https:\/\/bedandbistro.fi\/en\/restaurant\/","title":{"rendered":"Restaurant"},"content":{"rendered":"<div class=\"wpb-content-wrapper\"><p>[vc_row row_height_percent=&#8221;0&#8243; override_padding=&#8221;yes&#8221; h_padding=&#8221;7&#8243; top_padding=&#8221;2&#8243; bottom_padding=&#8221;2&#8243; overlay_alpha=&#8221;50&#8243; gutter_size=&#8221;3&#8243; column_width_percent=&#8221;100&#8243; shift_y=&#8221;-5&#8243; z_index=&#8221;0&#8243; uncode_shortcode_id=&#8221;157163&#8243;][vc_column width=&#8221;1\/1&#8243;][vc_row_inner row_inner_height_percent=&#8221;0&#8243; overlay_alpha=&#8221;50&#8243; gutter_size=&#8221;3&#8243; shift_y=&#8221;0&#8243; z_index=&#8221;0&#8243; limit_content=&#8221;&#8221; uncode_shortcode_id=&#8221;599077&#8243;][vc_column_inner column_width_percent=&#8221;100&#8243; align_horizontal=&#8221;align_center&#8221; gutter_size=&#8221;3&#8243; override_padding=&#8221;yes&#8221; column_padding=&#8221;3&#8243; back_color=&#8221;color-xsdn&#8221; overlay_alpha=&#8221;50&#8243; shift_x=&#8221;0&#8243; shift_y=&#8221;-4&#8243; shift_y_down=&#8221;0&#8243; z_index=&#8221;0&#8243; medium_width=&#8221;3&#8243; mobile_width=&#8221;0&#8243; radius=&#8221;xs&#8221; shadow=&#8221;sm&#8221; shadow_hover=&#8221;yes&#8221; shadow_hover_weight=&#8221;std&#8221; width=&#8221;1\/1&#8243; uncode_shortcode_id=&#8221;171498&#8243; back_color_type=&#8221;uncode-palette&#8221;][vc_icon icon=&#8221;fa fa-dinner&#8221; icon_color=&#8221;accent&#8221; size=&#8221;fa-4x&#8221; text_size=&#8221;h4&#8243; text_reduced=&#8221;yes&#8221; title=&#8221;OUTSIDE OF THE SUMMER SEASON, OUR RESTAURANT IS OPEN BY RESERVATION FOR GROUPS.&#8221; link=&#8221;|||&#8221; uncode_shortcode_id=&#8221;319332&#8243; icon_color_type=&#8221;uncode-palette&#8221;]You can contact us by email:<\/p>\n<p><strong>info@bedandbistro.fi<\/strong>[\/vc_icon][\/vc_column_inner][\/vc_row_inner][\/vc_column][\/vc_row][vc_row unlock_row_content=&#8221;yes&#8221; row_height_percent=&#8221;0&#8243; override_padding=&#8221;yes&#8221; h_padding=&#8221;2&#8243; top_padding=&#8221;5&#8243; bottom_padding=&#8221;5&#8243; overlay_alpha=&#8221;50&#8243; gutter_size=&#8221;4&#8243; column_width_use_pixel=&#8221;yes&#8221; shift_y=&#8221;0&#8243; z_index=&#8221;0&#8243; column_width_pixel=&#8221;1600&#8243;][vc_column width=&#8221;7\/12&#8243;][vc_single_image media=&#8221;82826&#8243; media_width_percent=&#8221;100&#8243; media_ratio=&#8221;four-three&#8221;][\/vc_column][vc_column column_width_percent=&#8221;100&#8243; position_vertical=&#8221;middle&#8221; gutter_size=&#8221;3&#8243; overlay_alpha=&#8221;50&#8243; shift_x=&#8221;0&#8243; shift_y=&#8221;0&#8243; shift_y_down=&#8221;0&#8243; z_index=&#8221;0&#8243; medium_width=&#8221;0&#8243; mobile_width=&#8221;0&#8243; width=&#8221;5\/12&#8243;][vc_column_text uncode_shortcode_id=&#8221;107872&#8243;]<\/p>\n<h4><span class=\"font-202503\"><em>Our bistro offers colourful taste experiences created with local ingredients, without forgetting the fruits of the forest. By using locally produced food, we ensure that the origin of the product is always known to us, minimize transportation, and support other entrepreneurs in the surrounding area.<\/em> <\/span><\/h4>\n<p>You can view our Oiva report <span style=\"text-decoration: underline;\"><a href=\"https:\/\/bedandbistro.fi\/wp-content\/uploads\/2022\/07\/Oiva.jpg\">here<\/a><\/span>.[\/vc_column_text][vc_button button_color=&#8221;accent&#8221; border_width=&#8221;0&#8243; link=&#8221;url:https%3A%2F%2Fbedandbistro.fi%2Fwp-content%2Fuploads%2F2024%2F05%2FKESA%CC%88MENU-2024-1.pdf|&#8221; button_color_type=&#8221;uncode-palette&#8221; uncode_shortcode_id=&#8221;268867&#8243;]Menu[\/vc_button][\/vc_column][\/vc_row][vc_row unlock_row_content=&#8221;yes&#8221; row_height_percent=&#8221;0&#8243; override_padding=&#8221;yes&#8221; h_padding=&#8221;2&#8243; top_padding=&#8221;5&#8243; bottom_padding=&#8221;5&#8243; back_color=&#8221;color-lxmt&#8221; overlay_alpha=&#8221;50&#8243; gutter_size=&#8221;4&#8243; column_width_use_pixel=&#8221;yes&#8221; shift_y=&#8221;0&#8243; z_index=&#8221;0&#8243; column_width_pixel=&#8221;1600&#8243;][vc_column column_width_percent=&#8221;100&#8243; position_vertical=&#8221;middle&#8221; gutter_size=&#8221;3&#8243; overlay_alpha=&#8221;50&#8243; shift_x=&#8221;0&#8243; shift_y=&#8221;0&#8243; shift_y_down=&#8221;0&#8243; z_index=&#8221;0&#8243; medium_width=&#8221;0&#8243; mobile_width=&#8221;0&#8243; width=&#8221;5\/12&#8243;][vc_column_text text_lead=&#8221;yes&#8221; uncode_shortcode_id=&#8221;159084&#8243;]<\/p>\n<h4><span class=\"font-202503\"><em>We hope that the time spent in our restaurant will always be an unhurried experience offering new tastes. Of course, we take into account special diets.<\/em><\/span><\/h4>\n<h4><span class=\"font-202503\"><em>Our restaurant also organizes small and large private events. We have hosted weddings, christening parties, family gatherings, and anniversaries. The event is always tailored according to the customer&#8217;s wishes.<\/em><\/span><\/h4>\n<h4><\/h4>\n<p>[\/vc_column_text][vc_button button_color=&#8221;accent&#8221; border_width=&#8221;0&#8243; link=&#8221;url:https%3A%2F%2Fbedandbistro.fi%2Fwp-content%2Fuploads%2F2024%2F05%2FKESA%CC%88MENU-2024-1.pdf|&#8221; button_color_type=&#8221;uncode-palette&#8221; uncode_shortcode_id=&#8221;201691&#8243;]Menu[\/vc_button][\/vc_column][vc_column width=&#8221;7\/12&#8243;][vc_single_image media=&#8221;82824&#8243; media_width_percent=&#8221;100&#8243; media_ratio=&#8221;four-three&#8221;][\/vc_column][\/vc_row][vc_row row_height_percent=&#8221;0&#8243; override_padding=&#8221;yes&#8221; h_padding=&#8221;7&#8243; top_padding=&#8221;4&#8243; bottom_padding=&#8221;4&#8243; overlay_alpha=&#8221;50&#8243; gutter_size=&#8221;3&#8243; column_width_percent=&#8221;100&#8243; shift_y=&#8221;0&#8243; z_index=&#8221;0&#8243;][vc_column width=&#8221;1\/1&#8243;][vc_icon position=&#8221;left&#8221; display=&#8221;inline&#8221; icon=&#8221;fa fa-group-outline&#8221; size=&#8221;fa-3x&#8221; text_font=&#8221;font-202503&#8243; title=&#8221;For larger groups and company meetings, separate service packages and catering are arranged!&#8221;]We only use domestic meat and fish (sheep and lamb from Muhniemi&#8217;s bay shed and goat from Jokiniemi&#8217;s farm. Chicken products from Niittylintu, eggs from Hultg\u00e5rd, fish from Ahvenkoski&#8217;s fish smokehouse).[\/vc_icon][\/vc_column][\/vc_row][vc_row unlock_row_content=&#8221;yes&#8221; row_height_percent=&#8221;0&#8243; override_padding=&#8221;yes&#8221; h_padding=&#8221;5&#8243; top_padding=&#8221;5&#8243; bottom_padding=&#8221;5&#8243; back_color=&#8221;color-821711&#8243; overlay_alpha=&#8221;50&#8243; gutter_size=&#8221;4&#8243; column_width_percent=&#8221;100&#8243; shift_y=&#8221;0&#8243; z_index=&#8221;0&#8243; el_class=&#8221;inverted-device-order&#8221;][vc_column column_width_percent=&#8221;100&#8243; position_vertical=&#8221;middle&#8221; gutter_size=&#8221;0&#8243; style=&#8221;dark&#8221; overlay_alpha=&#8221;50&#8243; shift_x=&#8221;0&#8243; shift_y=&#8221;0&#8243; shift_y_down=&#8221;0&#8243; z_index=&#8221;2&#8243; medium_width=&#8221;0&#8243; mobile_width=&#8221;0&#8243; width=&#8221;2\/3&#8243;][vc_empty_space empty_h=&#8221;2&#8243;][\/vc_column][vc_column column_width_percent=&#8221;100&#8243; position_vertical=&#8221;middle&#8221; gutter_size=&#8221;3&#8243; overlay_alpha=&#8221;50&#8243; shift_x=&#8221;0&#8243; shift_y=&#8221;0&#8243; shift_y_down=&#8221;0&#8243; z_index=&#8221;0&#8243; medium_width=&#8221;0&#8243; mobile_width=&#8221;0&#8243; width=&#8221;1\/3&#8243;][\/vc_column][\/vc_row]<\/p>\n<\/div>","protected":false},"excerpt":{"rendered":"<p>[vc_row row_height_percent=&#8221;0&#8243; override_padding=&#8221;yes&#8221; h_padding=&#8221;7&#8243; top_padding=&#8221;2&#8243; bottom_padding=&#8221;2&#8243; overlay_alpha=&#8221;50&#8243; gutter_size=&#8221;3&#8243; column_width_percent=&#8221;100&#8243; shift_y=&#8221;-5&#8243; z_index=&#8221;0&#8243; uncode_shortcode_id=&#8221;157163&#8243;][vc_column width=&#8221;1\/1&#8243;][vc_row_inner row_inner_height_percent=&#8221;0&#8243; overlay_alpha=&#8221;50&#8243; gutter_size=&#8221;3&#8243; shift_y=&#8221;0&#8243; z_index=&#8221;0&#8243; limit_content=&#8221;&#8221; uncode_shortcode_id=&#8221;599077&#8243;][vc_column_inner [&hellip;]<\/p>\n","protected":false},"author":101019,"featured_media":83961,"parent":0,"menu_order":0,"comment_status":"closed","ping_status":"closed","template":"","meta":{"footnotes":""},"class_list":["post-84131","page","type-page","status-publish","has-post-thumbnail","hentry"],"yoast_head":"<!-- This site is optimized with the Yoast SEO plugin v27.4 - https:\/\/yoast.com\/product\/yoast-seo-wordpress\/ -->\n<title>Restaurant - Str\u00f6mfors Bed &amp; Bistro<\/title>\n<meta name=\"description\" content=\"Our bistro offers colourful taste experiences created with local ingredients, without forgetting the fruits of the forest. We also organise private events.\" \/>\n<meta name=\"robots\" content=\"index, follow, max-snippet:-1, max-image-preview:large, max-video-preview:-1\" \/>\n<link rel=\"canonical\" href=\"https:\/\/bedandbistro.fi\/en\/restaurant\/\" \/>\n<meta property=\"og:locale\" content=\"en_US\" \/>\n<meta property=\"og:type\" content=\"article\" \/>\n<meta property=\"og:title\" content=\"Restaurant - Str\u00f6mfors Bed &amp; Bistro\" \/>\n<meta property=\"og:description\" content=\"Our bistro offers colourful taste experiences created with local ingredients, without forgetting the fruits of the forest. We also organise private events.\" \/>\n<meta property=\"og:url\" content=\"https:\/\/bedandbistro.fi\/en\/restaurant\/\" \/>\n<meta property=\"og:site_name\" content=\"Str\u00f6mfors Bed &amp; Bistro\" \/>\n<meta property=\"article:publisher\" content=\"https:\/\/www.facebook.com\/StromforsBedBistro\/\" \/>\n<meta property=\"article:modified_time\" content=\"2024-05-14T12:49:12+00:00\" \/>\n<meta property=\"og:image\" content=\"https:\/\/bedandbistro.fi\/wp-content\/uploads\/2016\/02\/benjamin-faust-19712.jpg\" \/>\n\t<meta property=\"og:image:width\" content=\"1200\" \/>\n\t<meta property=\"og:image:height\" content=\"900\" \/>\n\t<meta property=\"og:image:type\" content=\"image\/jpeg\" \/>\n<meta name=\"twitter:card\" content=\"summary_large_image\" \/>\n<meta name=\"twitter:label1\" content=\"Est. reading time\" \/>\n\t<meta name=\"twitter:data1\" content=\"3 minutes\" \/>\n<script type=\"application\/ld+json\" class=\"yoast-schema-graph\">{\"@context\":\"https:\\\/\\\/schema.org\",\"@graph\":[{\"@type\":\"WebPage\",\"@id\":\"https:\\\/\\\/bedandbistro.fi\\\/en\\\/restaurant\\\/\",\"url\":\"https:\\\/\\\/bedandbistro.fi\\\/en\\\/restaurant\\\/\",\"name\":\"Restaurant - Str\u00f6mfors Bed &amp; Bistro\",\"isPartOf\":{\"@id\":\"https:\\\/\\\/bedandbistro.fi\\\/en\\\/#website\"},\"primaryImageOfPage\":{\"@id\":\"https:\\\/\\\/bedandbistro.fi\\\/en\\\/restaurant\\\/#primaryimage\"},\"image\":{\"@id\":\"https:\\\/\\\/bedandbistro.fi\\\/en\\\/restaurant\\\/#primaryimage\"},\"thumbnailUrl\":\"https:\\\/\\\/bedandbistro.fi\\\/wp-content\\\/uploads\\\/2016\\\/02\\\/benjamin-faust-19712.jpg\",\"datePublished\":\"2017-04-12T08:58:00+00:00\",\"dateModified\":\"2024-05-14T12:49:12+00:00\",\"description\":\"Our bistro offers colourful taste experiences created with local ingredients, without forgetting the fruits of the forest. We also organise private events.\",\"breadcrumb\":{\"@id\":\"https:\\\/\\\/bedandbistro.fi\\\/en\\\/restaurant\\\/#breadcrumb\"},\"inLanguage\":\"en-US\",\"potentialAction\":[{\"@type\":\"ReadAction\",\"target\":[\"https:\\\/\\\/bedandbistro.fi\\\/en\\\/restaurant\\\/\"]}]},{\"@type\":\"ImageObject\",\"inLanguage\":\"en-US\",\"@id\":\"https:\\\/\\\/bedandbistro.fi\\\/en\\\/restaurant\\\/#primaryimage\",\"url\":\"https:\\\/\\\/bedandbistro.fi\\\/wp-content\\\/uploads\\\/2016\\\/02\\\/benjamin-faust-19712.jpg\",\"contentUrl\":\"https:\\\/\\\/bedandbistro.fi\\\/wp-content\\\/uploads\\\/2016\\\/02\\\/benjamin-faust-19712.jpg\",\"width\":1200,\"height\":900},{\"@type\":\"BreadcrumbList\",\"@id\":\"https:\\\/\\\/bedandbistro.fi\\\/en\\\/restaurant\\\/#breadcrumb\",\"itemListElement\":[{\"@type\":\"ListItem\",\"position\":1,\"name\":\"Home\",\"item\":\"https:\\\/\\\/bedandbistro.fi\\\/en\\\/etusivu\\\/\"},{\"@type\":\"ListItem\",\"position\":2,\"name\":\"Restaurant\"}]},{\"@type\":\"WebSite\",\"@id\":\"https:\\\/\\\/bedandbistro.fi\\\/en\\\/#website\",\"url\":\"https:\\\/\\\/bedandbistro.fi\\\/en\\\/\",\"name\":\"Str\u00f6mfors Bed &amp; Bistro\",\"description\":\"Bed &amp; Bistro palvelee hotellina ymp\u00e4ri vuoden ja ravintola avoinna kes\u00e4sesongin joka p\u00e4iv\u00e4\",\"potentialAction\":[{\"@type\":\"SearchAction\",\"target\":{\"@type\":\"EntryPoint\",\"urlTemplate\":\"https:\\\/\\\/bedandbistro.fi\\\/en\\\/?s={search_term_string}\"},\"query-input\":{\"@type\":\"PropertyValueSpecification\",\"valueRequired\":true,\"valueName\":\"search_term_string\"}}],\"inLanguage\":\"en-US\"}]}<\/script>\n<!-- \/ Yoast SEO plugin. -->","yoast_head_json":{"title":"Restaurant - Str\u00f6mfors Bed &amp; Bistro","description":"Our bistro offers colourful taste experiences created with local ingredients, without forgetting the fruits of the forest. We also organise private events.","robots":{"index":"index","follow":"follow","max-snippet":"max-snippet:-1","max-image-preview":"max-image-preview:large","max-video-preview":"max-video-preview:-1"},"canonical":"https:\/\/bedandbistro.fi\/en\/restaurant\/","og_locale":"en_US","og_type":"article","og_title":"Restaurant - Str\u00f6mfors Bed &amp; Bistro","og_description":"Our bistro offers colourful taste experiences created with local ingredients, without forgetting the fruits of the forest. We also organise private events.","og_url":"https:\/\/bedandbistro.fi\/en\/restaurant\/","og_site_name":"Str\u00f6mfors Bed &amp; Bistro","article_publisher":"https:\/\/www.facebook.com\/StromforsBedBistro\/","article_modified_time":"2024-05-14T12:49:12+00:00","og_image":[{"width":1200,"height":900,"url":"https:\/\/bedandbistro.fi\/wp-content\/uploads\/2016\/02\/benjamin-faust-19712.jpg","type":"image\/jpeg"}],"twitter_card":"summary_large_image","twitter_misc":{"Est. reading time":"3 minutes"},"schema":{"@context":"https:\/\/schema.org","@graph":[{"@type":"WebPage","@id":"https:\/\/bedandbistro.fi\/en\/restaurant\/","url":"https:\/\/bedandbistro.fi\/en\/restaurant\/","name":"Restaurant - Str\u00f6mfors Bed &amp; Bistro","isPartOf":{"@id":"https:\/\/bedandbistro.fi\/en\/#website"},"primaryImageOfPage":{"@id":"https:\/\/bedandbistro.fi\/en\/restaurant\/#primaryimage"},"image":{"@id":"https:\/\/bedandbistro.fi\/en\/restaurant\/#primaryimage"},"thumbnailUrl":"https:\/\/bedandbistro.fi\/wp-content\/uploads\/2016\/02\/benjamin-faust-19712.jpg","datePublished":"2017-04-12T08:58:00+00:00","dateModified":"2024-05-14T12:49:12+00:00","description":"Our bistro offers colourful taste experiences created with local ingredients, without forgetting the fruits of the forest. We also organise private events.","breadcrumb":{"@id":"https:\/\/bedandbistro.fi\/en\/restaurant\/#breadcrumb"},"inLanguage":"en-US","potentialAction":[{"@type":"ReadAction","target":["https:\/\/bedandbistro.fi\/en\/restaurant\/"]}]},{"@type":"ImageObject","inLanguage":"en-US","@id":"https:\/\/bedandbistro.fi\/en\/restaurant\/#primaryimage","url":"https:\/\/bedandbistro.fi\/wp-content\/uploads\/2016\/02\/benjamin-faust-19712.jpg","contentUrl":"https:\/\/bedandbistro.fi\/wp-content\/uploads\/2016\/02\/benjamin-faust-19712.jpg","width":1200,"height":900},{"@type":"BreadcrumbList","@id":"https:\/\/bedandbistro.fi\/en\/restaurant\/#breadcrumb","itemListElement":[{"@type":"ListItem","position":1,"name":"Home","item":"https:\/\/bedandbistro.fi\/en\/etusivu\/"},{"@type":"ListItem","position":2,"name":"Restaurant"}]},{"@type":"WebSite","@id":"https:\/\/bedandbistro.fi\/en\/#website","url":"https:\/\/bedandbistro.fi\/en\/","name":"Str\u00f6mfors Bed &amp; Bistro","description":"Bed &amp; Bistro palvelee hotellina ymp\u00e4ri vuoden ja ravintola avoinna kes\u00e4sesongin joka p\u00e4iv\u00e4","potentialAction":[{"@type":"SearchAction","target":{"@type":"EntryPoint","urlTemplate":"https:\/\/bedandbistro.fi\/en\/?s={search_term_string}"},"query-input":{"@type":"PropertyValueSpecification","valueRequired":true,"valueName":"search_term_string"}}],"inLanguage":"en-US"}]}},"_links":{"self":[{"href":"https:\/\/bedandbistro.fi\/en\/wp-json\/wp\/v2\/pages\/84131","targetHints":{"allow":["GET"]}}],"collection":[{"href":"https:\/\/bedandbistro.fi\/en\/wp-json\/wp\/v2\/pages"}],"about":[{"href":"https:\/\/bedandbistro.fi\/en\/wp-json\/wp\/v2\/types\/page"}],"author":[{"embeddable":true,"href":"https:\/\/bedandbistro.fi\/en\/wp-json\/wp\/v2\/users\/101019"}],"replies":[{"embeddable":true,"href":"https:\/\/bedandbistro.fi\/en\/wp-json\/wp\/v2\/comments?post=84131"}],"version-history":[{"count":9,"href":"https:\/\/bedandbistro.fi\/en\/wp-json\/wp\/v2\/pages\/84131\/revisions"}],"predecessor-version":[{"id":84184,"href":"https:\/\/bedandbistro.fi\/en\/wp-json\/wp\/v2\/pages\/84131\/revisions\/84184"}],"wp:featuredmedia":[{"embeddable":true,"href":"https:\/\/bedandbistro.fi\/en\/wp-json\/wp\/v2\/media\/83961"}],"wp:attachment":[{"href":"https:\/\/bedandbistro.fi\/en\/wp-json\/wp\/v2\/media?parent=84131"}],"curies":[{"name":"wp","href":"https:\/\/api.w.org\/{rel}","templated":true}]}}