{"id":84109,"date":"2020-10-22T18:51:58","date_gmt":"2020-10-22T15:51:58","guid":{"rendered":"https:\/\/bedandbistro.fi\/etusivu\/"},"modified":"2024-12-13T11:51:00","modified_gmt":"2024-12-13T09:51:00","slug":"etusivu","status":"publish","type":"page","link":"https:\/\/bedandbistro.fi\/en\/","title":{"rendered":"Front page"},"content":{"rendered":"<div class=\"wpb-content-wrapper\"><p>[vc_row row_height_percent=&#8221;60&#8243; override_padding=&#8221;yes&#8221; h_padding=&#8221;2&#8243; top_padding=&#8221;5&#8243; bottom_padding=&#8221;5&#8243; back_color=&#8221;accent&#8221; back_image=&#8221;84323&#8243; back_attachment=&#8221;fixed&#8221; parallax=&#8221;yes&#8221; overlay_color=&#8221;accent&#8221; overlay_alpha=&#8221;40&#8243; gutter_size=&#8221;100&#8243; column_width_percent=&#8221;100&#8243; shift_y=&#8221;0&#8243; z_index=&#8221;0&#8243; bottom_divider=&#8221;step&#8221; style=&#8221;inherited&#8221; css=&#8221;.vc_custom_1728399469093{border-top-width: 0px !important;}&#8221; el_class=&#8221;homepage-search&#8221; uncode_shortcode_id=&#8221;950975&#8243; back_color_type=&#8221;uncode-palette&#8221; overlay_color_type=&#8221;uncode-palette&#8221;][vc_column column_width_use_pixel=&#8221;yes&#8221; position_vertical=&#8221;middle&#8221; align_horizontal=&#8221;align_center&#8221; gutter_size=&#8221;2&#8243; style=&#8221;dark&#8221; overlay_alpha=&#8221;100&#8243; shift_x=&#8221;0&#8243; shift_y=&#8221;0&#8243; shift_y_down=&#8221;0&#8243; z_index=&#8221;0&#8243; medium_width=&#8221;0&#8243; mobile_width=&#8221;0&#8243; zoom_width=&#8221;0&#8243; zoom_height=&#8221;0&#8243; width=&#8221;1\/1&#8243; column_width_pixel=&#8221;900&#8243; uncode_shortcode_id=&#8221;171360&#8243;][vc_single_image media=&#8221;54852&#8243; media_width_use_pixel=&#8221;yes&#8221; alignment=&#8221;center&#8221; css_animation=&#8221;alpha-anim&#8221; media_width_pixel=&#8221;360&#8243;][vc_empty_space empty_h=&#8221;2&#8243;][vc_button size=&#8221;btn-sm&#8221; radius=&#8221;btn-square&#8221; hover_fx=&#8221;outlined&#8221; text_skin=&#8221;yes&#8221; border_width=&#8221;0&#8243; display=&#8221;inline&#8221; css_animation=&#8221;alpha-anim&#8221; animation_delay=&#8221;200&#8243; link=&#8221;url:https%3A%2F%2Fbedandbistro.fi%2Fen%2Fhotel%2F|title:Hotel&#8221; uncode_shortcode_id=&#8221;863450&#8243;]Hotel[\/vc_button][vc_button size=&#8221;btn-sm&#8221; radius=&#8221;btn-square&#8221; hover_fx=&#8221;outlined&#8221; border_width=&#8221;0&#8243; display=&#8221;inline&#8221; css_animation=&#8221;alpha-anim&#8221; animation_delay=&#8221;400&#8243; link=&#8221;url:https%3A%2F%2Fbedandbistro.fi%2Fen%2Fhotel%2F|title:Restaurant&#8221; uncode_shortcode_id=&#8221;121197&#8243;]Restaurant[\/vc_button][\/vc_column][\/vc_row][vc_row row_height_percent=&#8221;0&#8243; override_padding=&#8221;yes&#8221; h_padding=&#8221;2&#8243; top_padding=&#8221;5&#8243; bottom_padding=&#8221;5&#8243; overlay_alpha=&#8221;50&#8243; gutter_size=&#8221;3&#8243; column_width_percent=&#8221;100&#8243; shift_y=&#8221;0&#8243; z_index=&#8221;0&#8243;][vc_column column_width_use_pixel=&#8221;yes&#8221; align_horizontal=&#8221;align_center&#8221; gutter_size=&#8221;3&#8243; overlay_alpha=&#8221;50&#8243; shift_x=&#8221;0&#8243; shift_y=&#8221;0&#8243; shift_y_down=&#8221;0&#8243; z_index=&#8221;0&#8243; medium_width=&#8221;0&#8243; mobile_width=&#8221;0&#8243; width=&#8221;1\/1&#8243; column_width_pixel=&#8221;900&#8243;][vc_row_inner limit_content=&#8221;&#8221;][vc_column_inner column_width_percent=&#8221;100&#8243; align_horizontal=&#8221;align_center&#8221; gutter_size=&#8221;3&#8243; overlay_alpha=&#8221;50&#8243; shift_x=&#8221;0&#8243; shift_y=&#8221;0&#8243; shift_y_down=&#8221;0&#8243; z_index=&#8221;0&#8243; medium_width=&#8221;0&#8243; mobile_width=&#8221;0&#8243; width=&#8221;1\/1&#8243; uncode_shortcode_id=&#8221;784606&#8243;][vc_custom_heading text_color=&#8221;accent&#8221; heading_semantic=&#8221;h1&#8243; text_size=&#8221;bigtext&#8221; separator=&#8221;yes&#8221; separator_color=&#8221;yes&#8221; sub_lead=&#8221;yes&#8221; uncode_shortcode_id=&#8221;184515&#8243; text_color_type=&#8221;uncode-palette&#8221;]<\/p>\n<h1><span class=\"font-202503\">Hotel in Loviisa &#8211; Str\u00f6mfors Bed &amp; Bistro<\/span><\/h1>\n<p>[\/vc_custom_heading][\/vc_column_inner][\/vc_row_inner][vc_separator sep_color=&#8221;&#8221; icon=&#8221;fa fa-info-large-outline&#8221; uncode_shortcode_id=&#8221;393373&#8243;][vc_column_text text_lead=&#8221;yes&#8221;]Bed &amp; Bistro is located in Loviisa, in the middle of the idyllic ironworks village of Str\u00f6mfors. The hotel offers leisurely accommodation in spacious rooms all year round. The restaurant, which focuses on local foods and wild herbs, serves every day in the summer and based on orders in the winter. For companies, Ruukki&#8217;s silence creates the perfect atmosphere for successful and productive meetings. Warm welcome![\/vc_column_text][\/vc_column][\/vc_row][vc_row unlock_row_content=&#8221;yes&#8221; row_height_percent=&#8221;75&#8243; override_padding=&#8221;yes&#8221; h_padding=&#8221;0&#8243; top_padding=&#8221;0&#8243; bottom_padding=&#8221;0&#8243; overlay_alpha=&#8221;50&#8243; equal_height=&#8221;yes&#8221; gutter_size=&#8221;0&#8243; shift_y=&#8221;0&#8243; el_class=&#8221;overflow-hidden&#8221;][vc_column column_width_percent=&#8221;100&#8243; position_vertical=&#8221;middle&#8221; gutter_size=&#8221;0&#8243; override_padding=&#8221;yes&#8221; column_padding=&#8221;0&#8243; overlay_alpha=&#8221;50&#8243; shift_x=&#8221;0&#8243; shift_y=&#8221;0&#8243; z_index=&#8221;0&#8243; medium_width=&#8221;0&#8243; mobile_width=&#8221;0&#8243; width=&#8221;1\/2&#8243;][vc_row_inner row_inner_height_percent=&#8221;60&#8243; back_color=&#8221;accent&#8221; overlay_alpha=&#8221;50&#8243; equal_height=&#8221;yes&#8221; gutter_size=&#8221;0&#8243; shift_y=&#8221;0&#8243; z_index=&#8221;0&#8243; limit_content=&#8221;&#8221;][vc_column_inner column_width_percent=&#8221;100&#8243; gutter_size=&#8221;3&#8243; override_padding=&#8221;yes&#8221; column_padding=&#8221;4&#8243; back_image=&#8221;84339&#8243; overlay_alpha=&#8221;80&#8243; shift_x=&#8221;0&#8243; shift_y=&#8221;0&#8243; shift_y_down=&#8221;0&#8243; z_index=&#8221;0&#8243; medium_width=&#8221;4&#8243; mobile_width=&#8221;0&#8243; width=&#8221;1\/2&#8243; mobile_height=&#8221;280&#8243; uncode_shortcode_id=&#8221;205263&#8243;][\/vc_column_inner][vc_column_inner column_width_percent=&#8221;100&#8243; position_vertical=&#8221;middle&#8221; gutter_size=&#8221;2&#8243; override_padding=&#8221;yes&#8221; column_padding=&#8221;4&#8243; style=&#8221;dark&#8221; overlay_alpha=&#8221;50&#8243; shift_x=&#8221;0&#8243; shift_y=&#8221;0&#8243; shift_y_down=&#8221;0&#8243; z_index=&#8221;0&#8243; medium_width=&#8221;4&#8243; align_mobile=&#8221;align_center_mobile&#8221; mobile_width=&#8221;0&#8243; width=&#8221;1\/2&#8243;][vc_custom_heading heading_semantic=&#8221;h3&#8243; text_transform=&#8221;uppercase&#8221;]Main manor[\/vc_custom_heading][vc_column_text uncode_shortcode_id=&#8221;168852&#8243;]The 2-story main Manor is the heart of Bed &amp; Bistro. The upper floor offers comfortable accommodation. The restaurant hall, two meeting rooms and a spacious sauna are located on the ground floor. On the garden terrace, you can take a breather and enjoy the restaurant&#8217;s food and refreshments whenever the weather permits.[\/vc_column_text][\/vc_column_inner][\/vc_row_inner][vc_row_inner row_inner_height_percent=&#8221;40&#8243; back_image=&#8221;82813&#8243; overlay_alpha=&#8221;50&#8243; gutter_size=&#8221;3&#8243; shift_y=&#8221;0&#8243; z_index=&#8221;0&#8243; medium_visibility=&#8221;yes&#8221; mobile_visibility=&#8221;yes&#8221; limit_content=&#8221;&#8221;][vc_column_inner column_width_percent=&#8221;100&#8243; gutter_size=&#8221;3&#8243; override_padding=&#8221;yes&#8221; column_padding=&#8221;4&#8243; overlay_alpha=&#8221;50&#8243; shift_x=&#8221;0&#8243; shift_y=&#8221;0&#8243; shift_y_down=&#8221;0&#8243; z_index=&#8221;0&#8243; medium_width=&#8221;0&#8243; mobile_width=&#8221;0&#8243; width=&#8221;1\/1&#8243;][vc_empty_space empty_h=&#8221;5&#8243;][\/vc_column_inner][\/vc_row_inner][\/vc_column][vc_column column_width_percent=&#8221;100&#8243; gutter_size=&#8221;0&#8243; overlay_alpha=&#8221;50&#8243; shift_x=&#8221;0&#8243; shift_y=&#8221;0&#8243; z_index=&#8221;0&#8243; medium_width=&#8221;0&#8243; mobile_width=&#8221;0&#8243; width=&#8221;1\/2&#8243;][vc_row_inner row_inner_height_percent=&#8221;40&#8243; back_image=&#8221;84271&#8243; overlay_alpha=&#8221;50&#8243; gutter_size=&#8221;3&#8243; shift_y=&#8221;0&#8243; z_index=&#8221;0&#8243; limit_content=&#8221;&#8221; uncode_shortcode_id=&#8221;154343&#8243;][vc_column_inner column_width_percent=&#8221;100&#8243; gutter_size=&#8221;3&#8243; override_padding=&#8221;yes&#8221; column_padding=&#8221;4&#8243; overlay_alpha=&#8221;50&#8243; shift_x=&#8221;0&#8243; shift_y=&#8221;0&#8243; shift_y_down=&#8221;0&#8243; z_index=&#8221;0&#8243; medium_width=&#8221;0&#8243; mobile_width=&#8221;0&#8243; width=&#8221;1\/1&#8243; mobile_height=&#8221;280&#8243;][vc_empty_space empty_h=&#8221;5&#8243;][\/vc_column_inner][\/vc_row_inner][vc_row_inner row_inner_height_percent=&#8221;60&#8243; back_color=&#8221;color-106236&#8243; overlay_alpha=&#8221;50&#8243; equal_height=&#8221;yes&#8221; gutter_size=&#8221;0&#8243; shift_y=&#8221;0&#8243; z_index=&#8221;0&#8243; limit_content=&#8221;&#8221;][vc_column_inner column_width_percent=&#8221;100&#8243; gutter_size=&#8221;3&#8243; override_padding=&#8221;yes&#8221; column_padding=&#8221;4&#8243; back_image=&#8221;83941&#8243; overlay_alpha=&#8221;80&#8243; shift_x=&#8221;0&#8243; shift_y=&#8221;0&#8243; shift_y_down=&#8221;0&#8243; z_index=&#8221;0&#8243; medium_width=&#8221;4&#8243; mobile_width=&#8221;0&#8243; width=&#8221;1\/2&#8243; mobile_height=&#8221;280&#8243; uncode_shortcode_id=&#8221;666942&#8243;][\/vc_column_inner][vc_column_inner column_width_percent=&#8221;100&#8243; position_vertical=&#8221;middle&#8221; gutter_size=&#8221;2&#8243; override_padding=&#8221;yes&#8221; column_padding=&#8221;4&#8243; style=&#8221;dark&#8221; overlay_alpha=&#8221;50&#8243; shift_x=&#8221;0&#8243; shift_y=&#8221;0&#8243; shift_y_down=&#8221;0&#8243; z_index=&#8221;0&#8243; medium_width=&#8221;4&#8243; align_mobile=&#8221;align_center_mobile&#8221; mobile_width=&#8221;0&#8243; width=&#8221;1\/2&#8243;][vc_custom_heading heading_semantic=&#8221;h3&#8243; text_transform=&#8221;uppercase&#8221;]Krouvinm\u00e4ki[\/vc_custom_heading][vc_column_text]The single-level Krouvinm\u00e4ki is located right opposite the Manor, only 50 meters away. Krouvinm\u00e4ki&#8217;s rooms are for 2-5 people The well-equipped kitchen is located at the end of the house and is free to use by hotel customers.[\/vc_column_text][\/vc_column_inner][\/vc_row_inner][\/vc_column][\/vc_row][vc_row row_height_percent=&#8221;50&#8243; overlay_alpha=&#8221;50&#8243; gutter_size=&#8221;4&#8243; column_width_percent=&#8221;100&#8243; shift_y=&#8221;0&#8243; z_index=&#8221;0&#8243;][vc_column width=&#8221;1\/3&#8243;][vc_single_image media=&#8221;83510&#8243; media_width_percent=&#8221;100&#8243; media_ratio=&#8221;two-three&#8221; uncode_shortcode_id=&#8221;448392&#8243;][\/vc_column][vc_column column_width_use_pixel=&#8221;yes&#8221; gutter_size=&#8221;3&#8243; overlay_alpha=&#8221;50&#8243; shift_x=&#8221;0&#8243; shift_y=&#8221;0&#8243; shift_y_down=&#8221;0&#8243; z_index=&#8221;0&#8243; medium_width=&#8221;0&#8243; mobile_width=&#8221;0&#8243; sticky=&#8221;yes&#8221; width=&#8221;2\/3&#8243; column_width_pixel=&#8221;900&#8243;][vc_custom_heading text_transform=&#8221;uppercase&#8221;]Hotel[\/vc_custom_heading][vc_column_text uncode_shortcode_id=&#8221;692853&#8243;]<\/p>\n<blockquote><p>&#8220;The hotel has fostered an unhurried and cozy home-like atmosphere with a touch of everyday luxury, finished off with personal service. We want to preserve this atmosphere in the future. We hope that you will leave us rested, satisfied and with a mind full of new, wonderful memories of the time spent with us.&#8221;<\/p><\/blockquote>\n<p><span class=\"font-171548\">\u2014 Katja and Tiina, the hotel owners<\/span>[\/vc_column_text][vc_button button_color=&#8221;accent&#8221; border_width=&#8221;0&#8243; link=&#8221;url:https%3A%2F%2Fbedandbistro.fi%2Fen%2Fhotel%2F|title:Hotel&#8221; button_color_type=&#8221;uncode-palette&#8221; uncode_shortcode_id=&#8221;772465&#8243;]Hotel[\/vc_button][\/vc_column][\/vc_row][vc_row row_height_percent=&#8221;50&#8243; back_color=&#8221;color-lxmt&#8221; overlay_alpha=&#8221;50&#8243; gutter_size=&#8221;4&#8243; column_width_percent=&#8221;100&#8243; shift_y=&#8221;0&#8243; z_index=&#8221;0&#8243; el_class=&#8221;inverted-device-order&#8221;][vc_column column_width_use_pixel=&#8221;yes&#8221; gutter_size=&#8221;3&#8243; overlay_alpha=&#8221;50&#8243; shift_x=&#8221;0&#8243; shift_y=&#8221;0&#8243; shift_y_down=&#8221;0&#8243; z_index=&#8221;0&#8243; medium_width=&#8221;0&#8243; mobile_width=&#8221;0&#8243; sticky=&#8221;yes&#8221; width=&#8221;2\/3&#8243; column_width_pixel=&#8221;900&#8243;][vc_custom_heading text_transform=&#8221;uppercase&#8221;]Restaurant[\/vc_custom_heading][vc_column_text]<\/p>\n<blockquote><p>Food lovingly produced, grown, fished or hunted by a domestic small producer gets a place of honour and the treatment it deserves in our kitchen.<br \/>\nCarefully chosen compositions, temperatures, smells, colours &#8211; the whole ensemble makes the tastiest food and the most pleasant restaurant experience.<\/p><\/blockquote>\n<p>[\/vc_column_text][vc_button button_color=&#8221;accent&#8221; border_width=&#8221;0&#8243; link=&#8221;url:https%3A%2F%2Fbedandbistro.fi%2Fen%2Frestaurant%2F|title:Restaurant&#8221; button_color_type=&#8221;uncode-palette&#8221; uncode_shortcode_id=&#8221;190148&#8243;]Restaurant[\/vc_button][\/vc_column][vc_column width=&#8221;1\/3&#8243;][\/vc_column][\/vc_row][vc_row row_height_percent=&#8221;50&#8243; overlay_alpha=&#8221;50&#8243; gutter_size=&#8221;4&#8243; column_width_percent=&#8221;100&#8243; shift_y=&#8221;0&#8243; z_index=&#8221;0&#8243;][vc_column width=&#8221;1\/3&#8243;][vc_single_image media=&#8221;83512&#8243; media_width_percent=&#8221;100&#8243; media_ratio=&#8221;two-three&#8221; uncode_shortcode_id=&#8221;140908&#8243;][\/vc_column][vc_column column_width_use_pixel=&#8221;yes&#8221; gutter_size=&#8221;3&#8243; overlay_alpha=&#8221;50&#8243; shift_x=&#8221;0&#8243; shift_y=&#8221;0&#8243; shift_y_down=&#8221;0&#8243; z_index=&#8221;0&#8243; medium_width=&#8221;0&#8243; mobile_width=&#8221;0&#8243; sticky=&#8221;yes&#8221; width=&#8221;2\/3&#8243; column_width_pixel=&#8221;900&#8243;][vc_custom_heading text_transform=&#8221;uppercase&#8221;]For companies &amp; groups[\/vc_custom_heading][vc_column_text uncode_shortcode_id=&#8221;148047&#8243;]<\/p>\n<blockquote><p>Our hotel offers a unique setting for organizing various meetings, parties and recreation days. Enjoy peace and privacy for fresh thoughts, enhanced by beautiful surroundings and empowered by high-quality food. The wonderful nature provides a perfect setting for many kinds of activities. The whole experience will be individually shaped by us to meet your specific needs.<\/p><\/blockquote>\n<p>[\/vc_column_text][\/vc_column][\/vc_row][vc_row unlock_row_content=&#8221;yes&#8221; row_height_percent=&#8221;0&#8243; override_padding=&#8221;yes&#8221; h_padding=&#8221;3&#8243; top_padding=&#8221;3&#8243; bottom_padding=&#8221;3&#8243; back_color=&#8221;color-wayh&#8221; overlay_alpha=&#8221;100&#8243; gutter_size=&#8221;100&#8243; column_width_percent=&#8221;100&#8243; shift_y=&#8221;0&#8243; z_index=&#8221;0&#8243; style=&#8221;inherited&#8221;][vc_column column_width_percent=&#8221;100&#8243; position_horizontal=&#8221;left&#8221; position_vertical=&#8221;bottom&#8221; gutter_size=&#8221;3&#8243; style=&#8221;dark&#8221; overlay_alpha=&#8221;50&#8243; shift_x=&#8221;0&#8243; shift_y=&#8221;0&#8243; z_index=&#8221;0&#8243; medium_width=&#8221;0&#8243; zoom_width=&#8221;0&#8243; zoom_height=&#8221;0&#8243; width=&#8221;1\/1&#8243;][vc_gallery el_id=&#8221;gallery-43823678&#8243; isotope_mode=&#8221;packery&#8221; medias=&#8221;82829,82830,82817,82826,82823,82822,82805,82794,82824,83940,83941,83942,84323,84271&#8243; explode_albums=&#8221;yes&#8221; filtering=&#8221;yes&#8221; filtering_full_width=&#8221;yes&#8221; filtering_position=&#8221;right&#8221; filtering_uppercase=&#8221;yes&#8221; filter_mobile=&#8221;yes&#8221; filter_all_opposite=&#8221;yes&#8221; gutter_size=&#8221;2&#8243; media_items=&#8221;media,icon&#8221; screen_lg=&#8221;1100&#8243; screen_md=&#8221;760&#8243; screen_sm=&#8221;100&#8243; single_width=&#8221;2&#8243; single_overlay_opacity=&#8221;50&#8243; single_h_align=&#8221;center&#8221; single_padding=&#8221;2&#8243; single_icon=&#8221;fa fa-plus2&#8243; single_border=&#8221;yes&#8221; single_css_animation=&#8221;zoom-in&#8221; lbox_caption=&#8221;yes&#8221; lbox_social=&#8221;yes&#8221; carousel_rtl=&#8221;&#8221; single_title_uppercase=&#8221;&#8221; single_title_serif=&#8221;&#8221; single_no_background=&#8221;&#8221; uncode_shortcode_id=&#8221;108075&#8243;][\/vc_column][\/vc_row]<\/p>\n<\/div>","protected":false},"excerpt":{"rendered":"<p>[vc_row row_height_percent=&#8221;60&#8243; override_padding=&#8221;yes&#8221; h_padding=&#8221;2&#8243; top_padding=&#8221;5&#8243; bottom_padding=&#8221;5&#8243; back_color=&#8221;accent&#8221; back_image=&#8221;84323&#8243; back_attachment=&#8221;fixed&#8221; parallax=&#8221;yes&#8221; overlay_color=&#8221;accent&#8221; overlay_alpha=&#8221;40&#8243; gutter_size=&#8221;100&#8243; column_width_percent=&#8221;100&#8243; shift_y=&#8221;0&#8243; z_index=&#8221;0&#8243; bottom_divider=&#8221;step&#8221; style=&#8221;inherited&#8221; css=&#8221;.vc_custom_1728399469093{border-top-width: 0px [&hellip;]<\/p>\n","protected":false},"author":101019,"featured_media":83992,"parent":0,"menu_order":0,"comment_status":"closed","ping_status":"closed","template":"","meta":{"footnotes":""},"class_list":["post-84109","page","type-page","status-publish","has-post-thumbnail","hentry"],"yoast_head":"<!-- This site is optimized with the Yoast SEO plugin v27.5 - https:\/\/yoast.com\/product\/yoast-seo-wordpress\/ -->\n<title>Front page - Str\u00f6mfors Bed &amp; Bistro<\/title>\n<meta name=\"description\" content=\"Bed &amp; Bistro is located in the middle of the idyllic ironworks village of Str\u00f6mfors. The hotel offers leisurely accommodation in spacious rooms all year round.\" \/>\n<meta name=\"robots\" content=\"index, follow, max-snippet:-1, max-image-preview:large, max-video-preview:-1\" \/>\n<link rel=\"canonical\" href=\"https:\/\/bedandbistro.fi\/en\/\" \/>\n<meta property=\"og:locale\" content=\"en_US\" \/>\n<meta property=\"og:type\" content=\"article\" \/>\n<meta property=\"og:title\" content=\"Front page - Str\u00f6mfors Bed &amp; Bistro\" \/>\n<meta property=\"og:description\" content=\"Bed &amp; Bistro is located in the middle of the idyllic ironworks village of Str\u00f6mfors. The hotel offers leisurely accommodation in spacious rooms all year round.\" \/>\n<meta property=\"og:url\" content=\"https:\/\/bedandbistro.fi\/en\/\" \/>\n<meta property=\"og:site_name\" content=\"Str\u00f6mfors Bed &amp; Bistro\" \/>\n<meta property=\"article:publisher\" content=\"https:\/\/www.facebook.com\/StromforsBedBistro\/\" \/>\n<meta property=\"article:modified_time\" content=\"2024-12-13T09:51:00+00:00\" \/>\n<meta property=\"og:image\" content=\"https:\/\/bedandbistro.fi\/wp-content\/uploads\/2020\/11\/Kartano-ulkokuva-scaled.jpg\" \/>\n\t<meta property=\"og:image:width\" content=\"2560\" \/>\n\t<meta property=\"og:image:height\" content=\"1707\" \/>\n\t<meta property=\"og:image:type\" content=\"image\/jpeg\" \/>\n<meta name=\"twitter:card\" content=\"summary_large_image\" \/>\n<meta name=\"twitter:label1\" content=\"Est. reading time\" \/>\n\t<meta name=\"twitter:data1\" content=\"5 minutes\" \/>\n<script type=\"application\/ld+json\" class=\"yoast-schema-graph\">{\"@context\":\"https:\\\/\\\/schema.org\",\"@graph\":[{\"@type\":\"WebPage\",\"@id\":\"https:\\\/\\\/bedandbistro.fi\\\/en\\\/\",\"url\":\"https:\\\/\\\/bedandbistro.fi\\\/en\\\/\",\"name\":\"Front page - Str\u00f6mfors Bed &amp; Bistro\",\"isPartOf\":{\"@id\":\"https:\\\/\\\/bedandbistro.fi\\\/en\\\/#website\"},\"primaryImageOfPage\":{\"@id\":\"https:\\\/\\\/bedandbistro.fi\\\/en\\\/#primaryimage\"},\"image\":{\"@id\":\"https:\\\/\\\/bedandbistro.fi\\\/en\\\/#primaryimage\"},\"thumbnailUrl\":\"https:\\\/\\\/bedandbistro.fi\\\/wp-content\\\/uploads\\\/2020\\\/11\\\/Kartano-ulkokuva-scaled.jpg\",\"datePublished\":\"2020-10-22T15:51:58+00:00\",\"dateModified\":\"2024-12-13T09:51:00+00:00\",\"description\":\"Bed & Bistro is located in the middle of the idyllic ironworks village of Str\u00f6mfors. The hotel offers leisurely accommodation in spacious rooms all year round.\",\"breadcrumb\":{\"@id\":\"https:\\\/\\\/bedandbistro.fi\\\/en\\\/#breadcrumb\"},\"inLanguage\":\"en-US\",\"potentialAction\":[{\"@type\":\"ReadAction\",\"target\":[\"https:\\\/\\\/bedandbistro.fi\\\/en\\\/\"]}]},{\"@type\":\"ImageObject\",\"inLanguage\":\"en-US\",\"@id\":\"https:\\\/\\\/bedandbistro.fi\\\/en\\\/#primaryimage\",\"url\":\"https:\\\/\\\/bedandbistro.fi\\\/wp-content\\\/uploads\\\/2020\\\/11\\\/Kartano-ulkokuva-scaled.jpg\",\"contentUrl\":\"https:\\\/\\\/bedandbistro.fi\\\/wp-content\\\/uploads\\\/2020\\\/11\\\/Kartano-ulkokuva-scaled.jpg\",\"width\":2560,\"height\":1707},{\"@type\":\"BreadcrumbList\",\"@id\":\"https:\\\/\\\/bedandbistro.fi\\\/en\\\/#breadcrumb\",\"itemListElement\":[{\"@type\":\"ListItem\",\"position\":1,\"name\":\"Home\",\"item\":\"https:\\\/\\\/bedandbistro.fi\\\/en\\\/etusivu\\\/\"},{\"@type\":\"ListItem\",\"position\":2,\"name\":\"Front page\"}]},{\"@type\":\"WebSite\",\"@id\":\"https:\\\/\\\/bedandbistro.fi\\\/en\\\/#website\",\"url\":\"https:\\\/\\\/bedandbistro.fi\\\/en\\\/\",\"name\":\"Str\u00f6mfors Bed &amp; Bistro\",\"description\":\"Bed &amp; Bistro palvelee hotellina ymp\u00e4ri vuoden ja ravintola avoinna kes\u00e4sesongin joka p\u00e4iv\u00e4\",\"potentialAction\":[{\"@type\":\"SearchAction\",\"target\":{\"@type\":\"EntryPoint\",\"urlTemplate\":\"https:\\\/\\\/bedandbistro.fi\\\/en\\\/?s={search_term_string}\"},\"query-input\":{\"@type\":\"PropertyValueSpecification\",\"valueRequired\":true,\"valueName\":\"search_term_string\"}}],\"inLanguage\":\"en-US\"}]}<\/script>\n<!-- \/ Yoast SEO plugin. -->","yoast_head_json":{"title":"Front page - Str\u00f6mfors Bed &amp; Bistro","description":"Bed & Bistro is located in the middle of the idyllic ironworks village of Str\u00f6mfors. The hotel offers leisurely accommodation in spacious rooms all year round.","robots":{"index":"index","follow":"follow","max-snippet":"max-snippet:-1","max-image-preview":"max-image-preview:large","max-video-preview":"max-video-preview:-1"},"canonical":"https:\/\/bedandbistro.fi\/en\/","og_locale":"en_US","og_type":"article","og_title":"Front page - Str\u00f6mfors Bed &amp; Bistro","og_description":"Bed & Bistro is located in the middle of the idyllic ironworks village of Str\u00f6mfors. The hotel offers leisurely accommodation in spacious rooms all year round.","og_url":"https:\/\/bedandbistro.fi\/en\/","og_site_name":"Str\u00f6mfors Bed &amp; Bistro","article_publisher":"https:\/\/www.facebook.com\/StromforsBedBistro\/","article_modified_time":"2024-12-13T09:51:00+00:00","og_image":[{"width":2560,"height":1707,"url":"https:\/\/bedandbistro.fi\/wp-content\/uploads\/2020\/11\/Kartano-ulkokuva-scaled.jpg","type":"image\/jpeg"}],"twitter_card":"summary_large_image","twitter_misc":{"Est. reading time":"5 minutes"},"schema":{"@context":"https:\/\/schema.org","@graph":[{"@type":"WebPage","@id":"https:\/\/bedandbistro.fi\/en\/","url":"https:\/\/bedandbistro.fi\/en\/","name":"Front page - Str\u00f6mfors Bed &amp; Bistro","isPartOf":{"@id":"https:\/\/bedandbistro.fi\/en\/#website"},"primaryImageOfPage":{"@id":"https:\/\/bedandbistro.fi\/en\/#primaryimage"},"image":{"@id":"https:\/\/bedandbistro.fi\/en\/#primaryimage"},"thumbnailUrl":"https:\/\/bedandbistro.fi\/wp-content\/uploads\/2020\/11\/Kartano-ulkokuva-scaled.jpg","datePublished":"2020-10-22T15:51:58+00:00","dateModified":"2024-12-13T09:51:00+00:00","description":"Bed & Bistro is located in the middle of the idyllic ironworks village of Str\u00f6mfors. The hotel offers leisurely accommodation in spacious rooms all year round.","breadcrumb":{"@id":"https:\/\/bedandbistro.fi\/en\/#breadcrumb"},"inLanguage":"en-US","potentialAction":[{"@type":"ReadAction","target":["https:\/\/bedandbistro.fi\/en\/"]}]},{"@type":"ImageObject","inLanguage":"en-US","@id":"https:\/\/bedandbistro.fi\/en\/#primaryimage","url":"https:\/\/bedandbistro.fi\/wp-content\/uploads\/2020\/11\/Kartano-ulkokuva-scaled.jpg","contentUrl":"https:\/\/bedandbistro.fi\/wp-content\/uploads\/2020\/11\/Kartano-ulkokuva-scaled.jpg","width":2560,"height":1707},{"@type":"BreadcrumbList","@id":"https:\/\/bedandbistro.fi\/en\/#breadcrumb","itemListElement":[{"@type":"ListItem","position":1,"name":"Home","item":"https:\/\/bedandbistro.fi\/en\/etusivu\/"},{"@type":"ListItem","position":2,"name":"Front page"}]},{"@type":"WebSite","@id":"https:\/\/bedandbistro.fi\/en\/#website","url":"https:\/\/bedandbistro.fi\/en\/","name":"Str\u00f6mfors Bed &amp; Bistro","description":"Bed &amp; Bistro palvelee hotellina ymp\u00e4ri vuoden ja ravintola avoinna kes\u00e4sesongin joka p\u00e4iv\u00e4","potentialAction":[{"@type":"SearchAction","target":{"@type":"EntryPoint","urlTemplate":"https:\/\/bedandbistro.fi\/en\/?s={search_term_string}"},"query-input":{"@type":"PropertyValueSpecification","valueRequired":true,"valueName":"search_term_string"}}],"inLanguage":"en-US"}]}},"_links":{"self":[{"href":"https:\/\/bedandbistro.fi\/en\/wp-json\/wp\/v2\/pages\/84109","targetHints":{"allow":["GET"]}}],"collection":[{"href":"https:\/\/bedandbistro.fi\/en\/wp-json\/wp\/v2\/pages"}],"about":[{"href":"https:\/\/bedandbistro.fi\/en\/wp-json\/wp\/v2\/types\/page"}],"author":[{"embeddable":true,"href":"https:\/\/bedandbistro.fi\/en\/wp-json\/wp\/v2\/users\/101019"}],"replies":[{"embeddable":true,"href":"https:\/\/bedandbistro.fi\/en\/wp-json\/wp\/v2\/comments?post=84109"}],"version-history":[{"count":17,"href":"https:\/\/bedandbistro.fi\/en\/wp-json\/wp\/v2\/pages\/84109\/revisions"}],"predecessor-version":[{"id":84428,"href":"https:\/\/bedandbistro.fi\/en\/wp-json\/wp\/v2\/pages\/84109\/revisions\/84428"}],"wp:featuredmedia":[{"embeddable":true,"href":"https:\/\/bedandbistro.fi\/en\/wp-json\/wp\/v2\/media\/83992"}],"wp:attachment":[{"href":"https:\/\/bedandbistro.fi\/en\/wp-json\/wp\/v2\/media?parent=84109"}],"curies":[{"name":"wp","href":"https:\/\/api.w.org\/{rel}","templated":true}]}}